{"id":19223,"date":"2024-01-03T22:57:59","date_gmt":"2024-01-04T01:57:59","guid":{"rendered":"https:\/\/www.pensarcursos.com.br\/blog\/?page_id=19223"},"modified":"2024-01-03T22:57:59","modified_gmt":"2024-01-04T01:57:59","slug":"whatsapp","status":"publish","type":"page","link":"https:\/\/www.pensarcursos.com.br\/blog\/whatsapp\/","title":{"rendered":"Whatsapp"},"content":{"rendered":"<p>Participe de nossas comunidades no <strong>whatsapp<\/strong> e fique atualizado(a)! Todas not\u00edcias e dicas ser\u00e3o publicadas de imediato e GRATUITAMENTE.<\/p>\n<ul>\n<li><strong>ENEM e Educa\u00e7\u00e3o<\/strong>: <a href=\"https:\/\/chat.whatsapp.com\/FH6l1nWf12ZHv0jY9r3Nsc\" target=\"_blank\" rel=\"noopener\">clique aqui<\/a><\/li>\n<li><strong>Empregos<\/strong>: <a href=\"https:\/\/chat.whatsapp.com\/IDzgS7pk90x8lH0jhfQZn8\">clique aqui<\/a><\/li>\n<li><strong>CONCURSOS FEDERAIS E REGIONAIS:<\/strong> <a href=\"https:\/\/chat.whatsapp.com\/BejY6nIM1EIC3CUSqLTIQv\">clique aqui<\/a><\/li>\n<li><strong>CONCURSOS POR ESTADO<\/strong>, escolha seu Estado abaixo:<\/li>\n<\/ul>\n<table border=\"1\" width=\"501\" align=\"center\">\n<tbody>\n<tr>\n<td><a href=\"https:\/\/chat.whatsapp.com\/ICgHobJz0tn2go5G09GXm2\" target=\"_blank\" rel=\"noopener noreferrer\">AC<\/a><\/td>\n<td><a href=\"https:\/\/chat.whatsapp.com\/DtHcry6m99PG2yRh1cdq4k\" target=\"_blank\" rel=\"noopener noreferrer\">AL\u00a0<\/a><\/td>\n<td><a href=\"https:\/\/chat.whatsapp.com\/HvcRXcI3bu18Toy52OsMc4\" target=\"_blank\" rel=\"noopener noreferrer\">AM<\/a><\/td>\n<td><a href=\"https:\/\/chat.whatsapp.com\/Gdb8GumarDl3EV0OUeDDju\" target=\"_blank\" rel=\"noopener noreferrer\">AP<\/a><\/td>\n<td><a href=\"https:\/\/chat.whatsapp.com\/HxsqaXyIrdOG2mR7Ju1o2T\" target=\"_blank\" rel=\"noopener noreferrer\">BA<\/a><\/td>\n<td><a href=\"https:\/\/chat.whatsapp.com\/JPaUqpKfKA0It15ONWZHPs\" target=\"_blank\" rel=\"noopener noreferrer\">CE<\/a><\/td>\n<td><a href=\"https:\/\/chat.whatsapp.com\/FLxKemA5wujCnj3vOajMZ0\" target=\"_blank\" rel=\"noopener noreferrer\">DF<\/a><\/td>\n<td><a href=\"https:\/\/chat.whatsapp.com\/ExSnqbTT4fcHWU5alC2vkS\" target=\"_blank\" rel=\"noopener noreferrer\">ES<\/a><\/td>\n<td><a href=\"https:\/\/chat.whatsapp.com\/G1YrT81bH2q9jrgIcbOSOu\" target=\"_blank\" rel=\"noopener noreferrer\">GO<\/a><\/td>\n<\/tr>\n<tr>\n<td><a href=\"https:\/\/chat.whatsapp.com\/IjHKYoIlMsBFKDD01M44P2\" target=\"_blank\" rel=\"noopener noreferrer\">MA<\/a><\/td>\n<td><a href=\"https:\/\/chat.whatsapp.com\/EDPftOSyxRw09sTNq4AoeV\" target=\"_blank\" rel=\"noopener noreferrer\">MG<\/a><\/td>\n<td><a href=\"https:\/\/chat.whatsapp.com\/I5zke5qVtRX61nBrdGCIwJ\" target=\"_blank\" rel=\"noopener noreferrer\">MS<\/a><\/td>\n<td><a href=\"https:\/\/chat.whatsapp.com\/GGkTQ77GKpM1NeCOTdB3Zq\" target=\"_blank\" rel=\"noopener noreferrer\">MT<\/a><\/td>\n<td><a href=\"https:\/\/chat.whatsapp.com\/ImLD2TnhSUm6BXVfMKbbMn\" target=\"_blank\" rel=\"noopener noreferrer\">PA<\/a><\/td>\n<td><a href=\"https:\/\/chat.whatsapp.com\/ELyZZQ8Ye80CfyxasIOJAa\" target=\"_blank\" rel=\"noopener noreferrer\">PB<\/a><\/td>\n<td><a href=\"https:\/\/chat.whatsapp.com\/DuhuFWDxWvq5SzMzacRkj5\" target=\"_blank\" rel=\"noopener noreferrer\">PE<\/a><\/td>\n<td><a href=\"https:\/\/chat.whatsapp.com\/CYCsh4PYfVJ3qAKcXt1nK9\" target=\"_blank\" rel=\"noopener noreferrer\">PI<\/a><\/td>\n<td><a href=\"https:\/\/chat.whatsapp.com\/FlyEwHraELd0wNsKAWeJIk\" target=\"_blank\" rel=\"noopener noreferrer\">PR<\/a><\/td>\n<\/tr>\n<tr>\n<td><a href=\"https:\/\/chat.whatsapp.com\/KYuvQbmkAjNKsMJPLsQGjO\" target=\"_blank\" rel=\"noopener noreferrer\">RJ<\/a><\/td>\n<td><a href=\"https:\/\/chat.whatsapp.com\/EFVCOQdo0NsFiffOBC8AjG\" target=\"_blank\" rel=\"noopener noreferrer\">RN<\/a><\/td>\n<td><a href=\"https:\/\/chat.whatsapp.com\/DYuToeMsV8g1plxysvNDTS\" target=\"_blank\" rel=\"noopener noreferrer\">RO<\/a><\/td>\n<td><a href=\"https:\/\/chat.whatsapp.com\/KotlDD4dna58dgz5VhLMIR\" target=\"_blank\" rel=\"noopener noreferrer\">RR<\/a><\/td>\n<td><a href=\"https:\/\/chat.whatsapp.com\/HwjGawAp3vZ1I88ejpiOMG\" target=\"_blank\" rel=\"noopener noreferrer\">RS<\/a><\/td>\n<td><a href=\"https:\/\/chat.whatsapp.com\/BxSu3U7SKSuATQA0ztfFna\" target=\"_blank\" rel=\"noopener noreferrer\">SC<\/a><\/td>\n<td><a href=\"https:\/\/chat.whatsapp.com\/Hx3awHcLRG87PQbl7GLyK9\" target=\"_blank\" rel=\"noopener noreferrer\">SE<\/a><\/td>\n<td><a href=\"https:\/\/chat.whatsapp.com\/I4eGWGRamcK7M6aTPufiIe\" target=\"_blank\" rel=\"noopener noreferrer\">SP<\/a><\/td>\n<td><a href=\"https:\/\/chat.whatsapp.com\/EFVCOQdo0NsFiffOBC8AjG\" target=\"_blank\" rel=\"noopener noreferrer\">TO<\/a><\/td>\n<\/tr>\n<\/tbody>\n<\/table>\n<ul>\n<li><strong>Moedas Raras: <\/strong><a href=\"https:\/\/chat.whatsapp.com\/EZHLOeP0WrY0N98IjxxSYK\">clique aqui<\/a><\/li>\n<li><strong>Bolsa Fam\u00edlia, Benef\u00edcios Sociais e Direitos Trabalhador<\/strong>: <a href=\"https:\/\/chat.whatsapp.com\/JnveanVBSmZ01nFLiEagM0\">clique aqui<\/a><\/li>\n<li><strong>INSS<\/strong>(Bpc, aposentados, fgts e outros): <a href=\"https:\/\/chat.whatsapp.com\/JlkhvMhes32KoCOva6G52S\">clique aqui<\/a><\/li>\n<li><strong>Loterias<\/strong>: <a href=\"https:\/\/chat.whatsapp.com\/CxwZNR1iR8QKTczFpHt23a\" target=\"_blank\" rel=\"noopener\">clique aqui<\/a><\/li>\n<li><strong>Receitas e Dicas: <\/strong><a href=\"https:\/\/chat.whatsapp.com\/E1hWKUzXufQDB0ZUM6Ki6P\" target=\"_blank\" rel=\"noopener\">clique aqui<\/a><\/li>\n<li><strong>Futebol: <\/strong><a href=\"https:\/\/chat.whatsapp.com\/DkVHaxg4oFGHv0fjIvlz5b\" target=\"_blank\" rel=\"noopener\">clique aqui<\/a><\/li>\n<li><strong>Celebridades(BBB 2024): <\/strong><a href=\"https:\/\/chat.whatsapp.com\/CUfHLuVVja4F5YvUl6Bbh9\" target=\"_blank\" rel=\"noopener\">clique aqui<\/a><\/li>\n<li><strong>Tr\u00e2nsito e Carros: <\/strong><a href=\"https:\/\/chat.whatsapp.com\/KqSlI5IR3eO2j41fdWeVHH\" target=\"_blank\" rel=\"noopener\">clique aqui<\/a><\/li>\n<\/ul>\n","protected":false},"excerpt":{"rendered":"<p>Participe de nossas comunidades no whatsapp e fique atualizado(a)! Todas not\u00edcias e dicas ser\u00e3o publicadas de imediato e GRATUITAMENTE. ENEM e Educa\u00e7\u00e3o: clique aqui Empregos: clique aqui CONCURSOS FEDERAIS E REGIONAIS: clique aqui CONCURSOS POR ESTADO, escolha seu Estado abaixo: AC AL\u00a0 AM AP BA CE DF ES GO MA MG MS MT PA PB [&hellip;]<\/p>\n","protected":false},"author":1,"featured_media":0,"parent":0,"menu_order":0,"comment_status":"closed","ping_status":"closed","template":"","meta":{"jnews_page_loop":[],"jnews_single_page":[],"jnews_social_meta":[],"footnotes":""},"class_list":["post-19223","page","type-page","status-publish","hentry"],"yoast_head":"<!-- This site is optimized with the Yoast SEO Premium plugin v27.3 (Yoast SEO v25.9) - https:\/\/yoast.com\/wordpress\/plugins\/seo\/ -->\n<title>Whatsapp - Blog Pensar Cursos<\/title>\n<meta name=\"robots\" content=\"index, follow, max-snippet:-1, max-image-preview:large, max-video-preview:-1\" \/>\n<link rel=\"canonical\" href=\"https:\/\/www.pensarcursos.com.br\/blog\/whatsapp\/\" \/>\n<meta property=\"og:locale\" content=\"pt_BR\" \/>\n<meta property=\"og:type\" content=\"article\" \/>\n<meta property=\"og:title\" content=\"Whatsapp - Blog Pensar Cursos\" \/>\n<meta property=\"og:description\" content=\"Participe de nossas comunidades no whatsapp e fique atualizado(a)! Todas not\u00edcias e dicas ser\u00e3o publicadas de imediato e GRATUITAMENTE. ENEM e Educa\u00e7\u00e3o: clique aqui Empregos: clique aqui CONCURSOS FEDERAIS E REGIONAIS: clique aqui CONCURSOS POR ESTADO, escolha seu Estado abaixo: AC AL\u00a0 AM AP BA CE DF ES GO MA MG MS MT PA PB [&hellip;]\" \/>\n<meta property=\"og:url\" content=\"https:\/\/www.pensarcursos.com.br\/blog\/whatsapp\/\" \/>\n<meta property=\"og:site_name\" content=\"Blog Pensar Cursos\" \/>\n<meta property=\"article:publisher\" content=\"https:\/\/www.facebook.com\/pensarcursos\/\" \/>\n<meta property=\"og:image\" content=\"https:\/\/www.pensarcursos.com.br\/blog\/wp-content\/uploads\/2023\/11\/Nova-Logo-Pensar-Cursos-vertical.png\" \/>\n\t<meta property=\"og:image:width\" content=\"1393\" \/>\n\t<meta property=\"og:image:height\" content=\"1001\" \/>\n\t<meta property=\"og:image:type\" content=\"image\/png\" \/>\n<meta name=\"twitter:card\" content=\"summary_large_image\" \/>\n<meta name=\"twitter:label1\" content=\"Est. tempo de leitura\" \/>\n\t<meta name=\"twitter:data1\" content=\"1 minuto\" \/>\n<!-- \/ Yoast SEO Premium plugin. -->","yoast_head_json":{"title":"Whatsapp - Blog Pensar Cursos","robots":{"index":"index","follow":"follow","max-snippet":"max-snippet:-1","max-image-preview":"max-image-preview:large","max-video-preview":"max-video-preview:-1"},"canonical":"https:\/\/www.pensarcursos.com.br\/blog\/whatsapp\/","og_locale":"pt_BR","og_type":"article","og_title":"Whatsapp - Blog Pensar Cursos","og_description":"Participe de nossas comunidades no whatsapp e fique atualizado(a)! Todas not\u00edcias e dicas ser\u00e3o publicadas de imediato e GRATUITAMENTE. ENEM e Educa\u00e7\u00e3o: clique aqui Empregos: clique aqui CONCURSOS FEDERAIS E REGIONAIS: clique aqui CONCURSOS POR ESTADO, escolha seu Estado abaixo: AC AL\u00a0 AM AP BA CE DF ES GO MA MG MS MT PA PB [&hellip;]","og_url":"https:\/\/www.pensarcursos.com.br\/blog\/whatsapp\/","og_site_name":"Blog Pensar Cursos","article_publisher":"https:\/\/www.facebook.com\/pensarcursos\/","og_image":[{"width":1393,"height":1001,"url":"https:\/\/www.pensarcursos.com.br\/blog\/wp-content\/uploads\/2023\/11\/Nova-Logo-Pensar-Cursos-vertical.png","type":"image\/png"}],"twitter_card":"summary_large_image","twitter_misc":{"Est. tempo de leitura":"1 minuto"},"schema":{"@context":"https:\/\/schema.org","@graph":[{"@type":"WebPage","@id":"https:\/\/www.pensarcursos.com.br\/blog\/whatsapp\/","url":"https:\/\/www.pensarcursos.com.br\/blog\/whatsapp\/","name":"Whatsapp - Blog Pensar Cursos","isPartOf":{"@id":"https:\/\/www.pensarcursos.com.br\/blog\/#website"},"datePublished":"2024-01-04T01:57:59+00:00","breadcrumb":{"@id":"https:\/\/www.pensarcursos.com.br\/blog\/whatsapp\/#breadcrumb"},"inLanguage":"pt-BR","potentialAction":[{"@type":"ReadAction","target":["https:\/\/www.pensarcursos.com.br\/blog\/whatsapp\/"]}]},{"@type":"BreadcrumbList","@id":"https:\/\/www.pensarcursos.com.br\/blog\/whatsapp\/#breadcrumb","itemListElement":[{"@type":"ListItem","position":1,"name":"Home","item":"https:\/\/www.pensarcursos.com.br\/blog\/"},{"@type":"ListItem","position":2,"name":"Whatsapp"}]},{"@type":"WebSite","@id":"https:\/\/www.pensarcursos.com.br\/blog\/#website","url":"https:\/\/www.pensarcursos.com.br\/blog\/","name":"Blog Pensar Cursos","description":"Maior Site de Cursos do Brasil","publisher":{"@id":"https:\/\/www.pensarcursos.com.br\/blog\/#organization"},"alternateName":"Blog Pensar","potentialAction":[{"@type":"SearchAction","target":{"@type":"EntryPoint","urlTemplate":"https:\/\/www.pensarcursos.com.br\/blog\/?s={search_term_string}"},"query-input":{"@type":"PropertyValueSpecification","valueRequired":true,"valueName":"search_term_string"}}],"inLanguage":"pt-BR"},{"@type":"Organization","@id":"https:\/\/www.pensarcursos.com.br\/blog\/#organization","name":"Pensar Cursos","alternateName":"Blog pensar","url":"https:\/\/www.pensarcursos.com.br\/blog\/","logo":{"@type":"ImageObject","inLanguage":"pt-BR","@id":"https:\/\/www.pensarcursos.com.br\/blog\/#\/schema\/logo\/image\/","url":"https:\/\/www.pensarcursos.com.br\/blog\/wp-content\/uploads\/2023\/11\/Nova-Logo-Pensar-Cursos-vertical.png","contentUrl":"https:\/\/www.pensarcursos.com.br\/blog\/wp-content\/uploads\/2023\/11\/Nova-Logo-Pensar-Cursos-vertical.png","width":1393,"height":1001,"caption":"Pensar Cursos"},"image":{"@id":"https:\/\/www.pensarcursos.com.br\/blog\/#\/schema\/logo\/image\/"},"sameAs":["https:\/\/www.facebook.com\/pensarcursos\/","https:\/\/instagram.com.br\/pensarcursos"]}]}},"_links":{"self":[{"href":"https:\/\/www.pensarcursos.com.br\/blog\/wp-json\/wp\/v2\/pages\/19223","targetHints":{"allow":["GET"]}}],"collection":[{"href":"https:\/\/www.pensarcursos.com.br\/blog\/wp-json\/wp\/v2\/pages"}],"about":[{"href":"https:\/\/www.pensarcursos.com.br\/blog\/wp-json\/wp\/v2\/types\/page"}],"author":[{"embeddable":true,"href":"https:\/\/www.pensarcursos.com.br\/blog\/wp-json\/wp\/v2\/users\/1"}],"replies":[{"embeddable":true,"href":"https:\/\/www.pensarcursos.com.br\/blog\/wp-json\/wp\/v2\/comments?post=19223"}],"version-history":[{"count":0,"href":"https:\/\/www.pensarcursos.com.br\/blog\/wp-json\/wp\/v2\/pages\/19223\/revisions"}],"wp:attachment":[{"href":"https:\/\/www.pensarcursos.com.br\/blog\/wp-json\/wp\/v2\/media?parent=19223"}],"curies":[{"name":"wp","href":"https:\/\/api.w.org\/{rel}","templated":true}]}}