{"id":115369,"date":"2025-08-08T10:54:33","date_gmt":"2025-08-08T13:54:33","guid":{"rendered":"https:\/\/www.pensarcursos.com.br\/blog\/?page_id=115369"},"modified":"2025-08-08T10:54:33","modified_gmt":"2025-08-08T13:54:33","slug":"politica-de-correcoes","status":"publish","type":"page","link":"https:\/\/www.pensarcursos.com.br\/blog\/politica-de-correcoes\/","title":{"rendered":"Pol\u00edtica de Corre\u00e7\u00f5es"},"content":{"rendered":"<p data-start=\"221\" data-end=\"719\">No <strong data-start=\"224\" data-end=\"241\">Pensar Cursos<\/strong>, nosso compromisso \u00e9 oferecer conte\u00fado educativo de alta qualidade e precis\u00e3o. No entanto, entendemos que erros podem ocorrer, seja por falhas de digita\u00e7\u00e3o, desatualiza\u00e7\u00f5es ou imprecis\u00f5es. Nossa Pol\u00edtica de Corre\u00e7\u00f5es visa garantir que, sempre que um erro seja identificado, ele seja corrigido de forma r\u00e1pida, transparente e eficaz. Abaixo, explicamos nosso procedimento para lidar com erros e como garantimos que nossos leitores e alunos tenham sempre as informa\u00e7\u00f5es corretas.<\/p>\n<h3 data-start=\"721\" data-end=\"754\">1. <strong data-start=\"728\" data-end=\"754\">Identifica\u00e7\u00e3o de Erros<\/strong><\/h3>\n<p data-start=\"756\" data-end=\"807\">Erros podem ser identificados de diversas maneiras:<\/p>\n<ul data-start=\"808\" data-end=\"1425\">\n<li data-start=\"808\" data-end=\"971\">\n<p data-start=\"810\" data-end=\"971\"><strong data-start=\"810\" data-end=\"831\">Revis\u00f5es internas<\/strong>: Durante o processo cont\u00ednuo de atualiza\u00e7\u00e3o do conte\u00fado, nossa equipe revisa periodicamente os artigos e cursos para garantir sua precis\u00e3o.<\/p>\n<\/li>\n<li data-start=\"972\" data-end=\"1219\">\n<p data-start=\"974\" data-end=\"1219\"><a href=\"https:\/\/www.pensarcursos.com.br\/blog\/politica-de-feedback-acionavel\/\"><strong data-start=\"974\" data-end=\"998\">Feedback de leitores<\/strong><\/a>: Recebemos coment\u00e1rios de leitores, alunos e visitantes, seja atrav\u00e9s de coment\u00e1rios nos artigos, e-mails, redes sociais ou pesquisas de satisfa\u00e7\u00e3o. Este feedback \u00e9 uma fonte importante para identificar e corrigir erros.<\/p>\n<\/li>\n<li data-start=\"1220\" data-end=\"1425\">\n<p data-start=\"1222\" data-end=\"1425\"><strong data-start=\"1222\" data-end=\"1254\">Mudan\u00e7as nas normas ou dados<\/strong>: Como a \u00e1rea da educa\u00e7\u00e3o est\u00e1 sempre evoluindo, novos dados, estat\u00edsticas ou melhores pr\u00e1ticas podem surgir, exigindo a atualiza\u00e7\u00e3o de conte\u00fados anteriormente publicados.<\/p>\n<\/li>\n<\/ul>\n<h3 data-start=\"1427\" data-end=\"1464\">2. <strong data-start=\"1434\" data-end=\"1464\">Tipos de Erros e Corre\u00e7\u00f5es<\/strong><\/h3>\n<p data-start=\"1466\" data-end=\"1567\">Os erros podem variar em natureza e impacto. Aqui est\u00e3o os tipos de erros mais comuns que corrigimos:<\/p>\n<ul data-start=\"1569\" data-end=\"2453\">\n<li data-start=\"1569\" data-end=\"1756\">\n<p data-start=\"1571\" data-end=\"1756\"><strong data-start=\"1571\" data-end=\"1588\">Erros Fatuais<\/strong>: Dados incorretos, como n\u00fameros, datas ou fatos imprecisos. Quando detectamos esses erros, corrigimos imediatamente os conte\u00fados afetados e atualizamos as informa\u00e7\u00f5es.<\/p>\n<\/li>\n<li data-start=\"1760\" data-end=\"1991\">\n<p data-start=\"1762\" data-end=\"1991\"><strong data-start=\"1762\" data-end=\"1795\">Erros de Reda\u00e7\u00e3o e Ortografia<\/strong>: Erros de digita\u00e7\u00e3o, gram\u00e1tica ou estilo. Embora esses erros n\u00e3o impactem diretamente o conte\u00fado educacional, corrigimos sempre que poss\u00edvel para garantir que a leitura seja clara e profissional.<\/p>\n<\/li>\n<li data-start=\"1995\" data-end=\"2195\">\n<p data-start=\"1997\" data-end=\"2195\"><strong data-start=\"1997\" data-end=\"2020\">Erros de Formata\u00e7\u00e3o<\/strong>: Quest\u00f5es relacionadas \u00e0 formata\u00e7\u00e3o, como links quebrados, imagens ausentes ou problemas de layout. Corrigimos esses problemas para melhorar a experi\u00eancia do usu\u00e1rio no site.<\/p>\n<\/li>\n<li data-start=\"2197\" data-end=\"2453\">\n<p data-start=\"2199\" data-end=\"2453\"><strong data-start=\"2199\" data-end=\"2233\">Erros de Conte\u00fado ou Instru\u00e7\u00e3o<\/strong>: Quando identificamos que um conceito, m\u00e9todo ou pr\u00e1tica est\u00e1 incorreto ou desatualizado, corrigimos ou ajustamos o conte\u00fado para garantir que ele esteja alinhado com as melhores pr\u00e1ticas e os conhecimentos mais atuais.<\/p>\n<\/li>\n<\/ul>\n<h3 data-start=\"2455\" data-end=\"2495\">3. <strong data-start=\"2462\" data-end=\"2495\">Como Lidamos com as Corre\u00e7\u00f5es<\/strong><\/h3>\n<p data-start=\"2497\" data-end=\"2615\">Quando um erro \u00e9 identificado, seguimos este procedimento para garantir que a corre\u00e7\u00e3o seja realizada de forma eficaz:<\/p>\n<h4 data-start=\"2617\" data-end=\"2646\">a) <strong data-start=\"2625\" data-end=\"2646\">Corre\u00e7\u00e3o Imediata<\/strong><\/h4>\n<p data-start=\"2648\" data-end=\"2883\">Assim que o erro \u00e9 detectado, nossa equipe de conte\u00fado trabalha para realizar a corre\u00e7\u00e3o imediatamente. Dependendo da natureza do erro, as altera\u00e7\u00f5es podem ser feitas diretamente na p\u00e1gina afetada ou em uma vers\u00e3o atualizada do curso.<\/p>\n<h4 data-start=\"2885\" data-end=\"2927\">b) <strong data-start=\"2893\" data-end=\"2927\">Retrata\u00e7\u00e3o ou Nota de Corre\u00e7\u00e3o<\/strong><\/h4>\n<p data-start=\"2929\" data-end=\"3334\">Se o erro for significativo ou tiver impacto na compreens\u00e3o do conte\u00fado, publicaremos uma <strong data-start=\"3019\" data-end=\"3033\">retrata\u00e7\u00e3o<\/strong> ou <strong data-start=\"3037\" data-end=\"3057\">nota de corre\u00e7\u00e3o<\/strong> para informar nossos leitores sobre o erro cometido e o que foi alterado. Esta nota ser\u00e1 vis\u00edvel na p\u00e1gina do artigo ou curso afetado, destacando o erro e sua corre\u00e7\u00e3o. A nota de corre\u00e7\u00e3o \u00e9 sempre clara e transparente, mantendo a confian\u00e7a e a credibilidade com nosso p\u00fablico.<\/p>\n<h4 data-start=\"3336\" data-end=\"3373\">c) <strong data-start=\"3344\" data-end=\"3373\">Atualiza\u00e7\u00e3o dos Materiais<\/strong><\/h4>\n<p data-start=\"3375\" data-end=\"3634\">Ap\u00f3s a corre\u00e7\u00e3o, o material ser\u00e1 revisado novamente para garantir que todas as informa\u00e7\u00f5es relacionadas estejam atualizadas e corretas. Caso seja necess\u00e1rio, o conte\u00fado ser\u00e1 enriquecido com mais detalhes ou esclarecimentos para melhorar a compreens\u00e3o do tema.<\/p>\n<h4 data-start=\"3636\" data-end=\"3666\">d) <strong data-start=\"3644\" data-end=\"3666\">Feedback ao Leitor<\/strong><\/h4>\n<p data-start=\"3668\" data-end=\"3948\">Caso o erro tenha sido identificado por um leitor ou aluno, agradecemos sempre o feedback e, se poss\u00edvel, respondemos diretamente para informar sobre a corre\u00e7\u00e3o realizada. Valorizamos as contribui\u00e7\u00f5es dos nossos leitores, pois elas nos ajudam a melhorar o conte\u00fado que oferecemos.<\/p>\n<h3 data-start=\"3950\" data-end=\"4000\">4. <strong data-start=\"3957\" data-end=\"4000\">Como Publicamos Corre\u00e7\u00f5es e Retrata\u00e7\u00f5es<\/strong><\/h3>\n<p data-start=\"4002\" data-end=\"4069\">Em casos de retrata\u00e7\u00e3o ou corre\u00e7\u00e3o substancial, faremos o seguinte:<\/p>\n<ul data-start=\"4071\" data-end=\"4579\">\n<li data-start=\"4071\" data-end=\"4208\">\n<p data-start=\"4073\" data-end=\"4208\"><strong data-start=\"4073\" data-end=\"4094\">Corre\u00e7\u00e3o de Texto<\/strong>: O texto ser\u00e1 atualizado diretamente na p\u00e1gina do blog ou do curso, refletindo a vers\u00e3o mais precisa do conte\u00fado.<\/p>\n<\/li>\n<li data-start=\"4209\" data-end=\"4403\">\n<p data-start=\"4211\" data-end=\"4403\"><strong data-start=\"4211\" data-end=\"4245\">Retrata\u00e7\u00e3o ou Nota de Corre\u00e7\u00e3o<\/strong>: Caso o erro seja grave, publicaremos uma retrata\u00e7\u00e3o vis\u00edvel, logo abaixo do t\u00edtulo ou no in\u00edcio do conte\u00fado, com uma explica\u00e7\u00e3o clara do erro e da corre\u00e7\u00e3o.<\/p>\n<\/li>\n<li data-start=\"4404\" data-end=\"4579\">\n<p data-start=\"4406\" data-end=\"4579\"><strong data-start=\"4406\" data-end=\"4427\">Data de Altera\u00e7\u00e3o<\/strong>: Sempre indicaremos a data da \u00faltima atualiza\u00e7\u00e3o ou corre\u00e7\u00e3o no final do conte\u00fado, para que os leitores saibam que o material foi revisado e corrigido.<\/p>\n<\/li>\n<\/ul>\n<h3 data-start=\"4581\" data-end=\"4618\">5. <strong data-start=\"4588\" data-end=\"4618\">Preven\u00e7\u00e3o de Erros Futuros<\/strong><\/h3>\n<p data-start=\"4620\" data-end=\"4793\">Embora o erro seja algo natural em qualquer processo de produ\u00e7\u00e3o de conte\u00fado, estamos constantemente aprimorando nossos processos para minimizar sua ocorr\u00eancia. Isso inclui:<\/p>\n<ul data-start=\"4795\" data-end=\"5251\">\n<li data-start=\"4795\" data-end=\"4959\">\n<p data-start=\"4797\" data-end=\"4959\"><strong data-start=\"4797\" data-end=\"4822\">Revis\u00f5es e Aprova\u00e7\u00f5es<\/strong>: Todos os conte\u00fados s\u00e3o revisados antes de serem publicados, garantindo que a maioria dos erros sejam identificados antes da publica\u00e7\u00e3o.<\/p>\n<\/li>\n<li data-start=\"4960\" data-end=\"5135\">\n<p data-start=\"4962\" data-end=\"5135\"><strong data-start=\"4962\" data-end=\"4989\">Equipe de Especialistas<\/strong>: Nossa equipe \u00e9 composta por profissionais especializados e atualizados nas \u00e1reas que abordamos, o que minimiza os riscos de informa\u00e7\u00f5es erradas.<\/p>\n<\/li>\n<li data-start=\"5136\" data-end=\"5251\">\n<p data-start=\"5138\" data-end=\"5251\"><strong data-start=\"5138\" data-end=\"5164\">Atualiza\u00e7\u00f5es Regulares<\/strong>: O conte\u00fado \u00e9 periodicamente revisado e atualizado para manter-se relevante e preciso.<\/p>\n<\/li>\n<\/ul>\n<h3 data-start=\"5253\" data-end=\"5291\">6. <strong data-start=\"5260\" data-end=\"5291\">Contato para Reportar Erros<\/strong><\/h3>\n<p data-start=\"5293\" data-end=\"5422\">Caso voc\u00ea identifique um erro no conte\u00fado, ficaremos muito gratos se puder nos informar. Voc\u00ea pode fazer isso de diversas formas:<\/p>\n<ul data-start=\"5423\" data-end=\"5778\">\n<li data-start=\"5423\" data-end=\"5537\">\n<p data-start=\"5425\" data-end=\"5537\"><strong data-start=\"5425\" data-end=\"5449\">Coment\u00e1rio no Artigo<\/strong>: Deixe um coment\u00e1rio no pr\u00f3prio artigo ou p\u00e1gina de curso onde o erro foi identificado.<\/p>\n<\/li>\n<li data-start=\"5538\" data-end=\"5636\">\n<p data-start=\"5540\" data-end=\"5636\"><strong data-start=\"5540\" data-end=\"5550\">E-mail<\/strong>: Envie uma mensagem para [contato<a class=\"cursor-pointer\" rel=\"noopener\">@pensarcursos.com.br<\/a>] detalhando o erro que encontrou.<\/p>\n<\/li>\n<li data-start=\"5637\" data-end=\"5778\">\n<p data-start=\"5639\" data-end=\"5778\"><strong data-start=\"5639\" data-end=\"5656\">Redes Sociais<\/strong>: Entre em contato conosco atrav\u00e9s de nossas redes sociais (Instagram, Facebook, LinkedIn), para nos alertar sobre o erro.<\/p>\n<\/li>\n<\/ul>\n<h3 data-start=\"5780\" data-end=\"5822\">7. <strong data-start=\"5787\" data-end=\"5822\">Compromisso com a Transpar\u00eancia<\/strong><\/h3>\n<p data-start=\"5824\" data-end=\"6032\">O <strong data-start=\"5826\" data-end=\"5843\">Pensar Cursos<\/strong> tem o compromisso de ser transparente com nossos leitores e alunos. Quando erramos, corrigimos e informamos, porque acreditamos que a confian\u00e7a \u00e9 um dos pilares da nossa rela\u00e7\u00e3o com voc\u00ea.<\/p>\n<p data-start=\"6034\" data-end=\"6262\">Nosso objetivo \u00e9 fornecer sempre conte\u00fado relevante, preciso e de qualidade. Se algum erro ocorrer, nos comprometemos a corrigir rapidamente e com a m\u00e1xima transpar\u00eancia, garantindo que voc\u00ea tenha acesso \u00e0s melhores informa\u00e7\u00f5es.<\/p>\n","protected":false},"excerpt":{"rendered":"<p>No Pensar Cursos, nosso compromisso \u00e9 oferecer conte\u00fado educativo de alta qualidade e precis\u00e3o. No entanto, entendemos que erros podem ocorrer, seja por falhas de digita\u00e7\u00e3o, desatualiza\u00e7\u00f5es ou imprecis\u00f5es. Nossa Pol\u00edtica de Corre\u00e7\u00f5es visa garantir que, sempre que um erro seja identificado, ele seja corrigido de forma r\u00e1pida, transparente e eficaz. Abaixo, explicamos nosso procedimento [&hellip;]<\/p>\n","protected":false},"author":1,"featured_media":0,"parent":0,"menu_order":0,"comment_status":"closed","ping_status":"closed","template":"","meta":{"jnews_page_loop":[],"jnews_single_page":[],"jnews_social_meta":[],"footnotes":""},"class_list":["post-115369","page","type-page","status-publish","hentry"],"yoast_head":"<!-- This site is optimized with the Yoast SEO Premium plugin v27.3 (Yoast SEO v26.3) - https:\/\/yoast.com\/wordpress\/plugins\/seo\/ -->\n<title>Pol\u00edtica de Corre\u00e7\u00f5es - Blog Pensar Cursos<\/title>\n<meta name=\"robots\" content=\"index, follow, max-snippet:-1, max-image-preview:large, max-video-preview:-1\" \/>\n<link rel=\"canonical\" href=\"https:\/\/www.pensarcursos.com.br\/blog\/politica-de-correcoes\/\" \/>\n<meta property=\"og:locale\" content=\"pt_BR\" \/>\n<meta property=\"og:type\" content=\"article\" \/>\n<meta property=\"og:title\" content=\"Pol\u00edtica de Corre\u00e7\u00f5es - Blog Pensar Cursos\" \/>\n<meta property=\"og:description\" content=\"No Pensar Cursos, nosso compromisso \u00e9 oferecer conte\u00fado educativo de alta qualidade e precis\u00e3o. No entanto, entendemos que erros podem ocorrer, seja por falhas de digita\u00e7\u00e3o, desatualiza\u00e7\u00f5es ou imprecis\u00f5es. Nossa Pol\u00edtica de Corre\u00e7\u00f5es visa garantir que, sempre que um erro seja identificado, ele seja corrigido de forma r\u00e1pida, transparente e eficaz. Abaixo, explicamos nosso procedimento [&hellip;]\" \/>\n<meta property=\"og:url\" content=\"https:\/\/www.pensarcursos.com.br\/blog\/politica-de-correcoes\/\" \/>\n<meta property=\"og:site_name\" content=\"Blog Pensar Cursos\" \/>\n<meta property=\"article:publisher\" content=\"https:\/\/www.facebook.com\/pensarcursos\/\" \/>\n<meta property=\"og:image\" content=\"https:\/\/www.pensarcursos.com.br\/blog\/wp-content\/uploads\/2023\/11\/Nova-Logo-Pensar-Cursos-vertical.png\" \/>\n\t<meta property=\"og:image:width\" content=\"1393\" \/>\n\t<meta property=\"og:image:height\" content=\"1001\" \/>\n\t<meta property=\"og:image:type\" content=\"image\/png\" \/>\n<meta name=\"twitter:card\" content=\"summary_large_image\" \/>\n<meta name=\"twitter:label1\" content=\"Est. tempo de leitura\" \/>\n\t<meta name=\"twitter:data1\" content=\"5 minutos\" \/>\n<!-- \/ Yoast SEO Premium plugin. -->","yoast_head_json":{"title":"Pol\u00edtica de Corre\u00e7\u00f5es - Blog Pensar Cursos","robots":{"index":"index","follow":"follow","max-snippet":"max-snippet:-1","max-image-preview":"max-image-preview:large","max-video-preview":"max-video-preview:-1"},"canonical":"https:\/\/www.pensarcursos.com.br\/blog\/politica-de-correcoes\/","og_locale":"pt_BR","og_type":"article","og_title":"Pol\u00edtica de Corre\u00e7\u00f5es - Blog Pensar Cursos","og_description":"No Pensar Cursos, nosso compromisso \u00e9 oferecer conte\u00fado educativo de alta qualidade e precis\u00e3o. No entanto, entendemos que erros podem ocorrer, seja por falhas de digita\u00e7\u00e3o, desatualiza\u00e7\u00f5es ou imprecis\u00f5es. Nossa Pol\u00edtica de Corre\u00e7\u00f5es visa garantir que, sempre que um erro seja identificado, ele seja corrigido de forma r\u00e1pida, transparente e eficaz. Abaixo, explicamos nosso procedimento [&hellip;]","og_url":"https:\/\/www.pensarcursos.com.br\/blog\/politica-de-correcoes\/","og_site_name":"Blog Pensar Cursos","article_publisher":"https:\/\/www.facebook.com\/pensarcursos\/","og_image":[{"width":1393,"height":1001,"url":"https:\/\/www.pensarcursos.com.br\/blog\/wp-content\/uploads\/2023\/11\/Nova-Logo-Pensar-Cursos-vertical.png","type":"image\/png"}],"twitter_card":"summary_large_image","twitter_misc":{"Est. tempo de leitura":"5 minutos"},"schema":{"@context":"https:\/\/schema.org","@graph":[{"@type":"WebPage","@id":"https:\/\/www.pensarcursos.com.br\/blog\/politica-de-correcoes\/","url":"https:\/\/www.pensarcursos.com.br\/blog\/politica-de-correcoes\/","name":"Pol\u00edtica de Corre\u00e7\u00f5es - Blog Pensar Cursos","isPartOf":{"@id":"https:\/\/www.pensarcursos.com.br\/blog\/#website"},"datePublished":"2025-08-08T13:54:33+00:00","breadcrumb":{"@id":"https:\/\/www.pensarcursos.com.br\/blog\/politica-de-correcoes\/#breadcrumb"},"inLanguage":"pt-BR","potentialAction":[{"@type":"ReadAction","target":["https:\/\/www.pensarcursos.com.br\/blog\/politica-de-correcoes\/"]}]},{"@type":"BreadcrumbList","@id":"https:\/\/www.pensarcursos.com.br\/blog\/politica-de-correcoes\/#breadcrumb","itemListElement":[{"@type":"ListItem","position":1,"name":"Home","item":"https:\/\/www.pensarcursos.com.br\/blog\/"},{"@type":"ListItem","position":2,"name":"Pol\u00edtica de Corre\u00e7\u00f5es"}]},{"@type":"WebSite","@id":"https:\/\/www.pensarcursos.com.br\/blog\/#website","url":"https:\/\/www.pensarcursos.com.br\/blog\/","name":"Blog Pensar Cursos","description":"Maior Site de Cursos do Brasil","publisher":{"@id":"https:\/\/www.pensarcursos.com.br\/blog\/#organization"},"alternateName":"Blog Pensar","potentialAction":[{"@type":"SearchAction","target":{"@type":"EntryPoint","urlTemplate":"https:\/\/www.pensarcursos.com.br\/blog\/?s={search_term_string}"},"query-input":{"@type":"PropertyValueSpecification","valueRequired":true,"valueName":"search_term_string"}}],"inLanguage":"pt-BR"},{"@type":"Organization","@id":"https:\/\/www.pensarcursos.com.br\/blog\/#organization","name":"Pensar Cursos","alternateName":"Blog pensar","url":"https:\/\/www.pensarcursos.com.br\/blog\/","logo":{"@type":"ImageObject","inLanguage":"pt-BR","@id":"https:\/\/www.pensarcursos.com.br\/blog\/#\/schema\/logo\/image\/","url":"https:\/\/www.pensarcursos.com.br\/blog\/wp-content\/uploads\/2023\/11\/Nova-Logo-Pensar-Cursos-vertical.png","contentUrl":"https:\/\/www.pensarcursos.com.br\/blog\/wp-content\/uploads\/2023\/11\/Nova-Logo-Pensar-Cursos-vertical.png","width":1393,"height":1001,"caption":"Pensar Cursos"},"image":{"@id":"https:\/\/www.pensarcursos.com.br\/blog\/#\/schema\/logo\/image\/"},"sameAs":["https:\/\/www.facebook.com\/pensarcursos\/","https:\/\/instagram.com.br\/pensarcursos"]}]}},"_links":{"self":[{"href":"https:\/\/www.pensarcursos.com.br\/blog\/wp-json\/wp\/v2\/pages\/115369","targetHints":{"allow":["GET"]}}],"collection":[{"href":"https:\/\/www.pensarcursos.com.br\/blog\/wp-json\/wp\/v2\/pages"}],"about":[{"href":"https:\/\/www.pensarcursos.com.br\/blog\/wp-json\/wp\/v2\/types\/page"}],"author":[{"embeddable":true,"href":"https:\/\/www.pensarcursos.com.br\/blog\/wp-json\/wp\/v2\/users\/1"}],"replies":[{"embeddable":true,"href":"https:\/\/www.pensarcursos.com.br\/blog\/wp-json\/wp\/v2\/comments?post=115369"}],"version-history":[{"count":0,"href":"https:\/\/www.pensarcursos.com.br\/blog\/wp-json\/wp\/v2\/pages\/115369\/revisions"}],"wp:attachment":[{"href":"https:\/\/www.pensarcursos.com.br\/blog\/wp-json\/wp\/v2\/media?parent=115369"}],"curies":[{"name":"wp","href":"https:\/\/api.w.org\/{rel}","templated":true}]}}