{"id":115363,"date":"2025-08-08T10:42:11","date_gmt":"2025-08-08T13:42:11","guid":{"rendered":"https:\/\/www.pensarcursos.com.br\/blog\/?page_id=115363"},"modified":"2025-08-08T10:42:11","modified_gmt":"2025-08-08T13:42:11","slug":"principios-de-publicacao","status":"publish","type":"page","link":"https:\/\/www.pensarcursos.com.br\/blog\/principios-de-publicacao\/","title":{"rendered":"Princ\u00edpios de Publica\u00e7\u00e3o"},"content":{"rendered":"<p data-start=\"317\" data-end=\"666\">No <a href=\"https:\/\/www.pensarcursos.com.br\/blog\/\"><strong data-start=\"320\" data-end=\"337\">Pensar Cursos<\/strong><\/a>, sabemos que a cria\u00e7\u00e3o e a distribui\u00e7\u00e3o de conte\u00fado de qualidade \u00e9 essencial para oferecer uma experi\u00eancia educativa completa e satisfat\u00f3ria. Por isso, seguimos rigorosos <strong>princ\u00edpios de publica\u00e7\u00e3o<\/strong> que garantem que todos os materiais disponibilizados em nosso site, blog e plataforma de cursos sigam padr\u00f5es de excel\u00eancia e \u00e9tica.<\/p>\n<h3 data-start=\"668\" data-end=\"708\">1. <strong data-start=\"675\" data-end=\"708\">Conte\u00fado Original e Relevante<\/strong><\/h3>\n<p data-start=\"710\" data-end=\"1117\">Cada curso, artigo ou material de apoio publicado pela Pensar Cursos \u00e9 elaborado com base em pesquisa aprofundada e desenvolvimentos de especialistas. Buscamos sempre criar conte\u00fado original, que agregue valor ao aprendizado do aluno e atenda \u00e0s necessidades do mercado. O conte\u00fado que disponibilizamos \u00e9 \u00fanico, focado em trazer solu\u00e7\u00f5es pr\u00e1ticas e aplic\u00e1veis para os desafios enfrentados por nossos alunos.<\/p>\n<h3 data-start=\"1119\" data-end=\"1161\">2. <strong data-start=\"1126\" data-end=\"1161\">Fontes Confi\u00e1veis e Atualizadas<\/strong><\/h3>\n<p data-start=\"1163\" data-end=\"1422\">Nosso compromisso \u00e9 com a credibilidade. Todos os cursos e materiais de apoio s\u00e3o baseados em fontes confi\u00e1veis e constantemente atualizados para garantir que as informa\u00e7\u00f5es compartilhadas estejam em conformidade com as \u00faltimas tend\u00eancias e pr\u00e1ticas do setor.<\/p>\n<h3 data-start=\"1424\" data-end=\"1456\">3. <strong data-start=\"1431\" data-end=\"1456\">Foco na Transpar\u00eancia<\/strong><\/h3>\n<p data-start=\"1458\" data-end=\"1817\">Priorizamos a clareza e a transpar\u00eancia nas informa\u00e7\u00f5es fornecidas. Os alunos podem esperar descri\u00e7\u00f5es detalhadas sobre cada curso, incluindo objetivos, estrutura curricular, e resultados esperados. Al\u00e9m disso, mantemos informa\u00e7\u00f5es claras sobre a metodologia de ensino utilizada, com o intuito de fornecer o m\u00e1ximo de clareza sobre o processo de aprendizagem.<\/p>\n<h3 data-start=\"2262\" data-end=\"2301\">4. <strong data-start=\"2269\" data-end=\"2301\">Engajamento e Interatividade<\/strong><\/h3>\n<p data-start=\"2303\" data-end=\"2591\">Acreditamos na aprendizagem colaborativa. Por isso, incentivamos o engajamento de nossos alunos atrav\u00e9s de coment\u00e1rios, f\u00f3runs de discuss\u00e3o e feedback constante. A intera\u00e7\u00e3o entre os alunos e instrutores fortalece o processo educacional e garante que as d\u00favidas sejam sanadas rapidamente.<\/p>\n<h3 data-start=\"2593\" data-end=\"2644\">5. <strong data-start=\"2600\" data-end=\"2644\">Acessibilidade e Facilidade de Navega\u00e7\u00e3o<\/strong><\/h3>\n<p data-start=\"2646\" data-end=\"2949\">Nosso site foi projetado para ser acess\u00edvel a todos. Pensamos na experi\u00eancia do usu\u00e1rio e em garantir que a navega\u00e7\u00e3o seja intuitiva e simples, seja no desktop ou no mobile. A estrutura de navega\u00e7\u00e3o clara e a organiza\u00e7\u00e3o dos cursos tornam o aprendizado mais fluido e menos frustrante para nossos alunos.<\/p>\n<h3 data-start=\"2951\" data-end=\"2985\">6. <strong data-start=\"2958\" data-end=\"2985\">Privacidade e Seguran\u00e7a<\/strong><\/h3>\n<p data-start=\"2987\" data-end=\"3261\">A prote\u00e7\u00e3o dos dados pessoais dos nossos alunos \u00e9 uma prioridade. Cumprimos com as regulamenta\u00e7\u00f5es de privacidade e seguran\u00e7a da informa\u00e7\u00e3o, como a Lei Geral de Prote\u00e7\u00e3o de Dados (LGPD), garantindo que todas as intera\u00e7\u00f5es e transa\u00e7\u00f5es realizadas em nosso site sejam seguras.<\/p>\n<h3 data-start=\"3263\" data-end=\"3302\">7. <strong data-start=\"3270\" data-end=\"3302\">Feedback Cont\u00ednuo e Melhoria<\/strong><\/h3>\n<p data-start=\"3304\" data-end=\"3590\">Nosso processo de publica\u00e7\u00e3o n\u00e3o termina com a disponibiliza\u00e7\u00e3o do conte\u00fado. Estamos sempre abertos ao feedback dos alunos para aprimorar os cursos e materiais oferecidos. Esse ciclo cont\u00ednuo de avalia\u00e7\u00e3o e melhoria nos permite oferecer uma experi\u00eancia educacional cada vez mais eficaz. Nosso blog oferta uma <a href=\"https:\/\/www.pensarcursos.com.br\/blog\/fale-conosco\/\">p\u00e1gina de contato<\/a> para qualquer sugest\u00e3o e\/ou cr\u00edtica.<\/p>\n","protected":false},"excerpt":{"rendered":"<p>No Pensar Cursos, sabemos que a cria\u00e7\u00e3o e a distribui\u00e7\u00e3o de conte\u00fado de qualidade \u00e9 essencial para oferecer uma experi\u00eancia educativa completa e satisfat\u00f3ria. Por isso, seguimos rigorosos princ\u00edpios de publica\u00e7\u00e3o que garantem que todos os materiais disponibilizados em nosso site, blog e plataforma de cursos sigam padr\u00f5es de excel\u00eancia e \u00e9tica. 1. Conte\u00fado Original [&hellip;]<\/p>\n","protected":false},"author":1,"featured_media":0,"parent":0,"menu_order":0,"comment_status":"closed","ping_status":"closed","template":"","meta":{"jnews_page_loop":[],"jnews_single_page":[],"jnews_social_meta":[],"footnotes":""},"class_list":["post-115363","page","type-page","status-publish","hentry"],"yoast_head":"<!-- This site is optimized with the Yoast SEO Premium plugin v27.3 (Yoast SEO v25.9) - https:\/\/yoast.com\/wordpress\/plugins\/seo\/ -->\n<title>Princ\u00edpios de Publica\u00e7\u00e3o - Blog Pensar Cursos<\/title>\n<meta name=\"robots\" content=\"index, follow, max-snippet:-1, max-image-preview:large, max-video-preview:-1\" \/>\n<link rel=\"canonical\" href=\"https:\/\/www.pensarcursos.com.br\/blog\/principios-de-publicacao\/\" \/>\n<meta property=\"og:locale\" content=\"pt_BR\" \/>\n<meta property=\"og:type\" content=\"article\" \/>\n<meta property=\"og:title\" content=\"Princ\u00edpios de Publica\u00e7\u00e3o - Blog Pensar Cursos\" \/>\n<meta property=\"og:description\" content=\"No Pensar Cursos, sabemos que a cria\u00e7\u00e3o e a distribui\u00e7\u00e3o de conte\u00fado de qualidade \u00e9 essencial para oferecer uma experi\u00eancia educativa completa e satisfat\u00f3ria. Por isso, seguimos rigorosos princ\u00edpios de publica\u00e7\u00e3o que garantem que todos os materiais disponibilizados em nosso site, blog e plataforma de cursos sigam padr\u00f5es de excel\u00eancia e \u00e9tica. 1. Conte\u00fado Original [&hellip;]\" \/>\n<meta property=\"og:url\" content=\"https:\/\/www.pensarcursos.com.br\/blog\/principios-de-publicacao\/\" \/>\n<meta property=\"og:site_name\" content=\"Blog Pensar Cursos\" \/>\n<meta property=\"article:publisher\" content=\"https:\/\/www.facebook.com\/pensarcursos\/\" \/>\n<meta property=\"og:image\" content=\"https:\/\/www.pensarcursos.com.br\/blog\/wp-content\/uploads\/2023\/11\/Nova-Logo-Pensar-Cursos-vertical.png\" \/>\n\t<meta property=\"og:image:width\" content=\"1393\" \/>\n\t<meta property=\"og:image:height\" content=\"1001\" \/>\n\t<meta property=\"og:image:type\" content=\"image\/png\" \/>\n<meta name=\"twitter:card\" content=\"summary_large_image\" \/>\n<meta name=\"twitter:label1\" content=\"Est. tempo de leitura\" \/>\n\t<meta name=\"twitter:data1\" content=\"3 minutos\" \/>\n<!-- \/ Yoast SEO Premium plugin. -->","yoast_head_json":{"title":"Princ\u00edpios de Publica\u00e7\u00e3o - Blog Pensar Cursos","robots":{"index":"index","follow":"follow","max-snippet":"max-snippet:-1","max-image-preview":"max-image-preview:large","max-video-preview":"max-video-preview:-1"},"canonical":"https:\/\/www.pensarcursos.com.br\/blog\/principios-de-publicacao\/","og_locale":"pt_BR","og_type":"article","og_title":"Princ\u00edpios de Publica\u00e7\u00e3o - Blog Pensar Cursos","og_description":"No Pensar Cursos, sabemos que a cria\u00e7\u00e3o e a distribui\u00e7\u00e3o de conte\u00fado de qualidade \u00e9 essencial para oferecer uma experi\u00eancia educativa completa e satisfat\u00f3ria. Por isso, seguimos rigorosos princ\u00edpios de publica\u00e7\u00e3o que garantem que todos os materiais disponibilizados em nosso site, blog e plataforma de cursos sigam padr\u00f5es de excel\u00eancia e \u00e9tica. 1. Conte\u00fado Original [&hellip;]","og_url":"https:\/\/www.pensarcursos.com.br\/blog\/principios-de-publicacao\/","og_site_name":"Blog Pensar Cursos","article_publisher":"https:\/\/www.facebook.com\/pensarcursos\/","og_image":[{"width":1393,"height":1001,"url":"https:\/\/www.pensarcursos.com.br\/blog\/wp-content\/uploads\/2023\/11\/Nova-Logo-Pensar-Cursos-vertical.png","type":"image\/png"}],"twitter_card":"summary_large_image","twitter_misc":{"Est. tempo de leitura":"3 minutos"},"schema":{"@context":"https:\/\/schema.org","@graph":[{"@type":"WebPage","@id":"https:\/\/www.pensarcursos.com.br\/blog\/principios-de-publicacao\/","url":"https:\/\/www.pensarcursos.com.br\/blog\/principios-de-publicacao\/","name":"Princ\u00edpios de Publica\u00e7\u00e3o - Blog Pensar Cursos","isPartOf":{"@id":"https:\/\/www.pensarcursos.com.br\/blog\/#website"},"datePublished":"2025-08-08T13:42:11+00:00","breadcrumb":{"@id":"https:\/\/www.pensarcursos.com.br\/blog\/principios-de-publicacao\/#breadcrumb"},"inLanguage":"pt-BR","potentialAction":[{"@type":"ReadAction","target":["https:\/\/www.pensarcursos.com.br\/blog\/principios-de-publicacao\/"]}]},{"@type":"BreadcrumbList","@id":"https:\/\/www.pensarcursos.com.br\/blog\/principios-de-publicacao\/#breadcrumb","itemListElement":[{"@type":"ListItem","position":1,"name":"Home","item":"https:\/\/www.pensarcursos.com.br\/blog\/"},{"@type":"ListItem","position":2,"name":"Princ\u00edpios de Publica\u00e7\u00e3o"}]},{"@type":"WebSite","@id":"https:\/\/www.pensarcursos.com.br\/blog\/#website","url":"https:\/\/www.pensarcursos.com.br\/blog\/","name":"Blog Pensar Cursos","description":"Maior Site de Cursos do Brasil","publisher":{"@id":"https:\/\/www.pensarcursos.com.br\/blog\/#organization"},"alternateName":"Blog Pensar","potentialAction":[{"@type":"SearchAction","target":{"@type":"EntryPoint","urlTemplate":"https:\/\/www.pensarcursos.com.br\/blog\/?s={search_term_string}"},"query-input":{"@type":"PropertyValueSpecification","valueRequired":true,"valueName":"search_term_string"}}],"inLanguage":"pt-BR"},{"@type":"Organization","@id":"https:\/\/www.pensarcursos.com.br\/blog\/#organization","name":"Pensar Cursos","alternateName":"Blog pensar","url":"https:\/\/www.pensarcursos.com.br\/blog\/","logo":{"@type":"ImageObject","inLanguage":"pt-BR","@id":"https:\/\/www.pensarcursos.com.br\/blog\/#\/schema\/logo\/image\/","url":"https:\/\/www.pensarcursos.com.br\/blog\/wp-content\/uploads\/2023\/11\/Nova-Logo-Pensar-Cursos-vertical.png","contentUrl":"https:\/\/www.pensarcursos.com.br\/blog\/wp-content\/uploads\/2023\/11\/Nova-Logo-Pensar-Cursos-vertical.png","width":1393,"height":1001,"caption":"Pensar Cursos"},"image":{"@id":"https:\/\/www.pensarcursos.com.br\/blog\/#\/schema\/logo\/image\/"},"sameAs":["https:\/\/www.facebook.com\/pensarcursos\/","https:\/\/instagram.com.br\/pensarcursos"]}]}},"_links":{"self":[{"href":"https:\/\/www.pensarcursos.com.br\/blog\/wp-json\/wp\/v2\/pages\/115363","targetHints":{"allow":["GET"]}}],"collection":[{"href":"https:\/\/www.pensarcursos.com.br\/blog\/wp-json\/wp\/v2\/pages"}],"about":[{"href":"https:\/\/www.pensarcursos.com.br\/blog\/wp-json\/wp\/v2\/types\/page"}],"author":[{"embeddable":true,"href":"https:\/\/www.pensarcursos.com.br\/blog\/wp-json\/wp\/v2\/users\/1"}],"replies":[{"embeddable":true,"href":"https:\/\/www.pensarcursos.com.br\/blog\/wp-json\/wp\/v2\/comments?post=115363"}],"version-history":[{"count":0,"href":"https:\/\/www.pensarcursos.com.br\/blog\/wp-json\/wp\/v2\/pages\/115363\/revisions"}],"wp:attachment":[{"href":"https:\/\/www.pensarcursos.com.br\/blog\/wp-json\/wp\/v2\/media?parent=115363"}],"curies":[{"name":"wp","href":"https:\/\/api.w.org\/{rel}","templated":true}]}}